{"id":665,"date":"2025-11-15T23:23:29","date_gmt":"2025-11-15T22:23:29","guid":{"rendered":"https:\/\/stagakis.com\/?post_type=product&#038;p=665"},"modified":"2025-11-15T23:30:28","modified_gmt":"2025-11-15T22:30:28","slug":"akkordeonschule","status":"publish","type":"product","link":"https:\/\/stagakis.com\/?product=akkordeonschule","title":{"rendered":"Akkordeonschule"},"content":{"rendered":"<p><img loading=\"lazy\" decoding=\"async\" class=\"alignnone size-medium wp-image-151\" src=\"https:\/\/stagakis.com\/wp-content\/uploads\/2023\/08\/Akkordeonschule-Mit-Titel-Deusch.001-300x225.jpeg\" alt=\"\" width=\"300\" height=\"225\" srcset=\"https:\/\/stagakis.com\/wp-content\/uploads\/2023\/08\/Akkordeonschule-Mit-Titel-Deusch.001-300x225.jpeg 300w, https:\/\/stagakis.com\/wp-content\/uploads\/2023\/08\/Akkordeonschule-Mit-Titel-Deusch.001-800x600.jpeg 800w, https:\/\/stagakis.com\/wp-content\/uploads\/2023\/08\/Akkordeonschule-Mit-Titel-Deusch.001-768x576.jpeg 768w, https:\/\/stagakis.com\/wp-content\/uploads\/2023\/08\/Akkordeonschule-Mit-Titel-Deusch.001-920x690.jpeg 920w, https:\/\/stagakis.com\/wp-content\/uploads\/2023\/08\/Akkordeonschule-Mit-Titel-Deusch.001-575x431.jpeg 575w, https:\/\/stagakis.com\/wp-content\/uploads\/2023\/08\/Akkordeonschule-Mit-Titel-Deusch.001-380x285.jpeg 380w, https:\/\/stagakis.com\/wp-content\/uploads\/2023\/08\/Akkordeonschule-Mit-Titel-Deusch.001.jpeg 1024w\" sizes=\"auto, (max-width: 300px) 100vw, 300px\" \/><\/p>\n<p>Die\u00a0<strong>Akkordeonschule von Manolis Stagakis<\/strong>\u00a0wurde speziell f\u00fcr junge Sch\u00fcler:innen entwickelt, auch f\u00fcr Kinder, die noch nicht lesen oder schreiben k\u00f6nnen.<br \/>\nMit einem\u00a0<strong>farben- und zeichengest\u00fctzten Lernsystem<\/strong>\u00a0vermittelt sie die Grundlagen des Akkordeonspiels auf spielerische und anschauliche Weise.<\/p>\n<p>Farben, Symbole und klare Strukturen helfen den Kindern, T\u00f6ne, Fingerbewegungen und musikalische Abl\u00e4ufe intuitiv zu erfassen. So wird Musik von Anfang an\u00a0<strong>erlebbar<\/strong>, bevor das klassische Notenlesen im Mittelpunkt steht.<\/p>\n<p>Durch kleine \u00dcbungen, Lieder und Spielst\u00fccke aus verschiedenen Musikrichtungen \u2013 von Kinderliedern \u00fcber Volksmusik bis zu ersten Tangos \u2013 entdecken die Sch\u00fcler:innen mit Freude ihr Instrument und entwickeln Schritt f\u00fcr Schritt ein sicheres musikalisches Verst\u00e4ndnis.<\/p>\n<p>Die Schule f\u00f6rdert\u00a0<strong>Geh\u00f6r, Rhythmusgef\u00fchl, Koordination und Ausdruckskraft<\/strong>\u00a0und ist sowohl f\u00fcr den\u00a0<strong>Einzel- als auch f\u00fcr den Gruppenunterricht<\/strong>\u00a0geeignet.<\/p>\n<p>Die\u00a0<strong>Akkordeonschule von Manolis Stagakis<\/strong>\u00a0ist im\u00a0<strong>Buchhandel<\/strong>\u00a0sowie\u00a0<strong>direkt \u00fcber den Autor<\/strong>\u00a0erh\u00e4ltlich.<\/p>\n","protected":false},"excerpt":{"rendered":"<p>Die\u00a0Akkordeonschule von Manolis Stagakis\u00a0wurde speziell f\u00fcr junge Sch\u00fcler:innen entwickelt, auch f\u00fcr Kinder, die noch nicht lesen oder schreiben k\u00f6nnen. Mit einem\u00a0farben- und zeichengest\u00fctzten Lernsystem\u00a0vermittelt sie die Grundlagen des Akkordeonspiels auf [&hellip;]<\/p>\n","protected":false},"featured_media":151,"comment_status":"open","ping_status":"closed","template":"","meta":[],"product_brand":[],"product_cat":[19],"product_tag":[20],"class_list":{"0":"post-665","1":"product","2":"type-product","3":"status-publish","4":"has-post-thumbnail","6":"product_cat-unkategorisiert","7":"product_tag-akkordeonschule","9":"first","10":"instock","11":"shipping-taxable","12":"purchasable","13":"product-type-simple"},"jetpack_sharing_enabled":true,"_links":{"self":[{"href":"https:\/\/stagakis.com\/index.php?rest_route=\/wp\/v2\/product\/665","targetHints":{"allow":["GET"]}}],"collection":[{"href":"https:\/\/stagakis.com\/index.php?rest_route=\/wp\/v2\/product"}],"about":[{"href":"https:\/\/stagakis.com\/index.php?rest_route=\/wp\/v2\/types\/product"}],"replies":[{"embeddable":true,"href":"https:\/\/stagakis.com\/index.php?rest_route=%2Fwp%2Fv2%2Fcomments&post=665"}],"wp:featuredmedia":[{"embeddable":true,"href":"https:\/\/stagakis.com\/index.php?rest_route=\/wp\/v2\/media\/151"}],"wp:attachment":[{"href":"https:\/\/stagakis.com\/index.php?rest_route=%2Fwp%2Fv2%2Fmedia&parent=665"}],"wp:term":[{"taxonomy":"product_brand","embeddable":true,"href":"https:\/\/stagakis.com\/index.php?rest_route=%2Fwp%2Fv2%2Fproduct_brand&post=665"},{"taxonomy":"product_cat","embeddable":true,"href":"https:\/\/stagakis.com\/index.php?rest_route=%2Fwp%2Fv2%2Fproduct_cat&post=665"},{"taxonomy":"product_tag","embeddable":true,"href":"https:\/\/stagakis.com\/index.php?rest_route=%2Fwp%2Fv2%2Fproduct_tag&post=665"}],"curies":[{"name":"wp","href":"https:\/\/api.w.org\/{rel}","templated":true}]}}